{"id":2003,"date":"2023-03-29T18:00:42","date_gmt":"2023-03-29T21:00:42","guid":{"rendered":"https:\/\/fatz.com.br\/?page_id=2003"},"modified":"2023-04-05T09:42:09","modified_gmt":"2023-04-05T12:42:09","slug":"relacoes-publicas","status":"publish","type":"page","link":"https:\/\/fatz.com.br\/en\/relacoes-publicas\/","title":{"rendered":"Rela\u00e7\u00f5es P\u00fablicas"},"content":{"rendered":"<div data-elementor-type=\"wp-page\" data-elementor-id=\"2003\" class=\"elementor elementor-2003\">\n\t\t\t\t\t\t\t\t\t<section class=\"elementor-section elementor-top-section elementor-element elementor-element-eb9f24d elementor-section-stretched elementor-section-boxed elementor-section-height-default elementor-section-height-default parallax_section_no qode_elementor_container_no\" data-id=\"eb9f24d\" data-element_type=\"section\" data-settings=\"{&quot;stretch_section&quot;:&quot;section-stretched&quot;,&quot;background_background&quot;:&quot;classic&quot;}\">\n\t\t\t\t\t\t<div class=\"elementor-container elementor-column-gap-default\">\n\t\t\t\t\t<div class=\"elementor-column elementor-col-100 elementor-top-column elementor-element elementor-element-6da7328\" data-id=\"6da7328\" data-element_type=\"column\" data-settings=\"{&quot;background_background&quot;:&quot;classic&quot;}\">\n\t\t\t<div class=\"elementor-widget-wrap elementor-element-populated\">\n\t\t\t\t\t\t\t\t<div class=\"elementor-element elementor-element-8ced986 elementor-widget elementor-widget-text-editor\" data-id=\"8ced986\" data-element_type=\"widget\" data-widget_type=\"text-editor.default\">\n\t\t\t\t<div class=\"elementor-widget-container\">\n\t\t\t<style>\/*! elementor - v3.10.2 - 29-01-2023 *\/\n.elementor-widget-text-editor.elementor-drop-cap-view-stacked .elementor-drop-cap{background-color:#818a91;color:#fff}.elementor-widget-text-editor.elementor-drop-cap-view-framed .elementor-drop-cap{color:#818a91;border:3px solid;background-color:transparent}.elementor-widget-text-editor:not(.elementor-drop-cap-view-default) .elementor-drop-cap{margin-top:8px}.elementor-widget-text-editor:not(.elementor-drop-cap-view-default) .elementor-drop-cap-letter{width:1em;height:1em}.elementor-widget-text-editor .elementor-drop-cap{float:left;text-align:center;line-height:1;font-size:50px}.elementor-widget-text-editor .elementor-drop-cap-letter{display:inline-block}<\/style>\t\t\t\t<p>A \u00e1rea de PR da FATZ \u00e9 especialista em m\u00eddia espont\u00e2nea, digital, cria\u00e7\u00e3o de conte\u00fado de marca e intelig\u00eancia de neg\u00f3cios. Criamos solu\u00e7\u00f5es de comunica\u00e7\u00e3o corporativa sob medida, com narrativas poderosas para atingir e emocionar o p\u00fablico-alvo de seus clientes. Nossa equipe \u00e9 altamente qualificada em planejamento estrat\u00e9gico, jornalismo, rela\u00e7\u00f5es com a m\u00eddia, an\u00e1lise de dados, intelig\u00eancia de neg\u00f3cios, estrat\u00e9gia digital, monitoramento tem\u00e1tico e design. Estamos preparados para identificar e prevenir potenciais situa\u00e7\u00f5es de risco e mitigar com agilidade eventuais cen\u00e1rios de crise. Para isso, desenvolvemos um manual detalhado e customizado para os gestores das empresas consultarem o procedimento e a metodologia de como proceder. Tamb\u00e9m dispomos de profissionais altamente capacitados para realizar media training aos porta-vozes das empresas, a fim de prepar\u00e1-los para transmitir as mensagens de maneira clara e eficiente, mantendo o autocontrole e a postura durante entrevistas e orat\u00f3ria em p\u00fablico.<\/p>\t\t\t\t\t\t<\/div>\n\t\t\t\t<\/div>\n\t\t\t\t\t<\/div>\n\t\t<\/div>\n\t\t\t\t\t\t\t<\/div>\n\t\t<\/section>\n\t\t\t\t\t\t\t<\/div>","protected":false},"excerpt":{"rendered":"<p>A \u00e1rea de PR da FATZ \u00e9 especialista em m\u00eddia espont\u00e2nea, digital, cria\u00e7\u00e3o de conte\u00fado de marca e intelig\u00eancia de neg\u00f3cios. Criamos solu\u00e7\u00f5es de comunica\u00e7\u00e3o corporativa sob medida, com narrativas poderosas para atingir e emocionar o p\u00fablico-alvo de seus clientes. Nossa equipe \u00e9 altamente qualificada&#8230;<\/p>","protected":false},"author":1,"featured_media":0,"parent":0,"menu_order":0,"comment_status":"closed","ping_status":"closed","template":"","meta":[],"_links":{"self":[{"href":"https:\/\/fatz.com.br\/en\/wp-json\/wp\/v2\/pages\/2003"}],"collection":[{"href":"https:\/\/fatz.com.br\/en\/wp-json\/wp\/v2\/pages"}],"about":[{"href":"https:\/\/fatz.com.br\/en\/wp-json\/wp\/v2\/types\/page"}],"author":[{"embeddable":true,"href":"https:\/\/fatz.com.br\/en\/wp-json\/wp\/v2\/users\/1"}],"replies":[{"embeddable":true,"href":"https:\/\/fatz.com.br\/en\/wp-json\/wp\/v2\/comments?post=2003"}],"version-history":[{"count":14,"href":"https:\/\/fatz.com.br\/en\/wp-json\/wp\/v2\/pages\/2003\/revisions"}],"predecessor-version":[{"id":2135,"href":"https:\/\/fatz.com.br\/en\/wp-json\/wp\/v2\/pages\/2003\/revisions\/2135"}],"wp:attachment":[{"href":"https:\/\/fatz.com.br\/en\/wp-json\/wp\/v2\/media?parent=2003"}],"curies":[{"name":"wp","href":"https:\/\/api.w.org\/{rel}","templated":true}]}}