{"id":310,"date":"2019-10-04T10:16:56","date_gmt":"2019-10-04T13:16:56","guid":{"rendered":"https:\/\/bridge259.qodeinteractive.com\/?page_id=310"},"modified":"2023-04-03T17:28:54","modified_gmt":"2023-04-03T20:28:54","slug":"sobre-nos","status":"publish","type":"page","link":"https:\/\/fatz.com.br\/en\/sobre-nos\/","title":{"rendered":"Sobre n\u00f3s"},"content":{"rendered":"<div data-elementor-type=\"wp-page\" data-elementor-id=\"310\" class=\"elementor elementor-310\">\n\t\t\t\t\t\t\t\t\t<section class=\"elementor-section elementor-top-section elementor-element elementor-element-9472df6 elementor-section-full_width elementor-section-content-middle elementor-section-height-default elementor-section-height-default parallax_section_no qode_elementor_container_no\" data-id=\"9472df6\" data-element_type=\"section\">\n\t\t\t\t\t\t<div class=\"elementor-container elementor-column-gap-no\">\n\t\t\t\t\t<div class=\"elementor-column elementor-col-50 elementor-top-column elementor-element elementor-element-d528bbf\" data-id=\"d528bbf\" data-element_type=\"column\">\n\t\t\t<div class=\"elementor-widget-wrap elementor-element-populated\">\n\t\t\t\t\t\t\t\t<div class=\"elementor-element elementor-element-7fbb681 elementor-widget elementor-widget-image\" data-id=\"7fbb681\" data-element_type=\"widget\" data-widget_type=\"image.default\">\n\t\t\t\t<div class=\"elementor-widget-container\">\n\t\t\t<style>\/*! elementor - v3.10.2 - 29-01-2023 *\/\n.elementor-widget-image{text-align:center}.elementor-widget-image a{display:inline-block}.elementor-widget-image a img[src$=\".svg\"]{width:48px}.elementor-widget-image img{vertical-align:middle;display:inline-block}<\/style>\t\t\t\t\t\t\t\t\t\t\t\t<img decoding=\"async\" width=\"1025\" height=\"700\" src=\"https:\/\/fatz.com.br\/wp-content\/uploads\/2023\/03\/BANNER-FATZ_QUEM-SOMOS.jpg\" class=\"attachment-full size-full wp-image-1357\" alt=\"\" srcset=\"https:\/\/fatz.com.br\/wp-content\/uploads\/2023\/03\/BANNER-FATZ_QUEM-SOMOS.jpg 1025w, https:\/\/fatz.com.br\/wp-content\/uploads\/2023\/03\/BANNER-FATZ_QUEM-SOMOS-300x205.jpg 300w, https:\/\/fatz.com.br\/wp-content\/uploads\/2023\/03\/BANNER-FATZ_QUEM-SOMOS-768x524.jpg 768w, https:\/\/fatz.com.br\/wp-content\/uploads\/2023\/03\/BANNER-FATZ_QUEM-SOMOS-18x12.jpg 18w, https:\/\/fatz.com.br\/wp-content\/uploads\/2023\/03\/BANNER-FATZ_QUEM-SOMOS-700x478.jpg 700w\" sizes=\"(max-width: 1025px) 100vw, 1025px\" \/>\t\t\t\t\t\t\t\t\t\t\t\t\t\t\t<\/div>\n\t\t\t\t<\/div>\n\t\t\t\t\t<\/div>\n\t\t<\/div>\n\t\t\t\t<div class=\"elementor-column elementor-col-50 elementor-top-column elementor-element elementor-element-23963911\" data-id=\"23963911\" data-element_type=\"column\">\n\t\t\t<div class=\"elementor-widget-wrap elementor-element-populated\">\n\t\t\t\t\t\t\t\t<div class=\"elementor-element elementor-element-a912652 elementor-widget elementor-widget-text-editor\" data-id=\"a912652\" data-element_type=\"widget\" data-widget_type=\"text-editor.default\">\n\t\t\t\t<div class=\"elementor-widget-container\">\n\t\t\t<style>\/*! elementor - v3.10.2 - 29-01-2023 *\/\n.elementor-widget-text-editor.elementor-drop-cap-view-stacked .elementor-drop-cap{background-color:#818a91;color:#fff}.elementor-widget-text-editor.elementor-drop-cap-view-framed .elementor-drop-cap{color:#818a91;border:3px solid;background-color:transparent}.elementor-widget-text-editor:not(.elementor-drop-cap-view-default) .elementor-drop-cap{margin-top:8px}.elementor-widget-text-editor:not(.elementor-drop-cap-view-default) .elementor-drop-cap-letter{width:1em;height:1em}.elementor-widget-text-editor .elementor-drop-cap{float:left;text-align:center;line-height:1;font-size:50px}.elementor-widget-text-editor .elementor-drop-cap-letter{display:inline-block}<\/style>\t\t\t\t<p>Conhe\u00e7a sobre<\/p>\t\t\t\t\t\t<\/div>\n\t\t\t\t<\/div>\n\t\t\t\t<div class=\"elementor-element elementor-element-2f296935 elementor-widget elementor-widget-text-editor\" data-id=\"2f296935\" data-element_type=\"widget\" data-widget_type=\"text-editor.default\">\n\t\t\t\t<div class=\"elementor-widget-container\">\n\t\t\t\t\t\t\t<h1>About Us<\/h1>\t\t\t\t\t\t<\/div>\n\t\t\t\t<\/div>\n\t\t\t\t<div class=\"elementor-element elementor-element-6917f06a elementor-widget elementor-widget-text-editor\" data-id=\"6917f06a\" data-element_type=\"widget\" data-widget_type=\"text-editor.default\">\n\t\t\t\t<div class=\"elementor-widget-container\">\n\t\t\t\t\t\t\t<p><span style=\"background-color: #ffffff;\">We were born to connect. Connecting content to people, products to consumers, brands to customers and, most \nimportantly, companies to new opportunities and potentials.<\/span><\/p>\t\t\t\t\t\t<\/div>\n\t\t\t\t<\/div>\n\t\t\t\t<div class=\"elementor-element elementor-element-e90d3 elementor-widget elementor-widget-bridge_button\" data-id=\"e90d3\" data-element_type=\"widget\" data-widget_type=\"bridge_button.default\">\n\t\t\t\t<div class=\"elementor-widget-container\">\n\t\t\t<a  itemprop=\"url\" href=\"https:\/\/fatz.com.br\/en\/quem-somos\/\" target=\"_self\"  class=\"qbutton  default\" style=\"\">Read more<\/a>\t\t<\/div>\n\t\t\t\t<\/div>\n\t\t\t\t\t<\/div>\n\t\t<\/div>\n\t\t\t\t\t\t\t<\/div>\n\t\t<\/section>\n\t\t\t\t<section class=\"elementor-section elementor-top-section elementor-element elementor-element-59a666b elementor-section-full_width elementor-reverse-tablet elementor-reverse-mobile elementor-section-height-default elementor-section-height-default parallax_section_no qode_elementor_container_no\" data-id=\"59a666b\" data-element_type=\"section\">\n\t\t\t\t\t\t<div class=\"elementor-container elementor-column-gap-no\">\n\t\t\t\t\t<div class=\"elementor-column elementor-col-50 elementor-top-column elementor-element elementor-element-3a20140\" data-id=\"3a20140\" data-element_type=\"column\">\n\t\t\t<div class=\"elementor-widget-wrap elementor-element-populated\">\n\t\t\t\t\t\t\t\t<div class=\"elementor-element elementor-element-553b02c elementor-widget elementor-widget-text-editor\" data-id=\"553b02c\" data-element_type=\"widget\" data-widget_type=\"text-editor.default\">\n\t\t\t\t<div class=\"elementor-widget-container\">\n\t\t\t\t\t\t\t<p>Como fazemos<\/p>\t\t\t\t\t\t<\/div>\n\t\t\t\t<\/div>\n\t\t\t\t<div class=\"elementor-element elementor-element-1bd3fae elementor-widget elementor-widget-text-editor\" data-id=\"1bd3fae\" data-element_type=\"widget\" data-widget_type=\"text-editor.default\">\n\t\t\t\t<div class=\"elementor-widget-container\">\n\t\t\t\t\t\t\t<h1>RELA\u00c7\u00d5ES P\u00daBLICAS<\/h1>\t\t\t\t\t\t<\/div>\n\t\t\t\t<\/div>\n\t\t\t\t<div class=\"elementor-element elementor-element-b81987e elementor-widget elementor-widget-text-editor\" data-id=\"b81987e\" data-element_type=\"widget\" data-widget_type=\"text-editor.default\">\n\t\t\t\t<div class=\"elementor-widget-container\">\n\t\t\t\t\t\t\t<p>Desenvolvemos processos estrat\u00e9gicos de comunica\u00e7\u00e3o integrada para construir rela\u00e7\u00f5es de benef\u00edcio m\u00fatuo entre as organiza\u00e7\u00f5es e seus targets, seja no setor p\u00fablico\u00a0ou\u00a0privado.<\/p>\t\t\t\t\t\t<\/div>\n\t\t\t\t<\/div>\n\t\t\t\t<div class=\"elementor-element elementor-element-d425ece elementor-widget elementor-widget-bridge_button\" data-id=\"d425ece\" data-element_type=\"widget\" data-widget_type=\"bridge_button.default\">\n\t\t\t\t<div class=\"elementor-widget-container\">\n\t\t\t<a  itemprop=\"url\" href=\"https:\/\/fatz.com.br\/en\/relacoes-publicas\/\" target=\"_self\"  class=\"qbutton  default\" style=\"\">Read more<\/a>\t\t<\/div>\n\t\t\t\t<\/div>\n\t\t\t\t\t<\/div>\n\t\t<\/div>\n\t\t\t\t<div class=\"elementor-column elementor-col-50 elementor-top-column elementor-element elementor-element-332f689\" data-id=\"332f689\" data-element_type=\"column\">\n\t\t\t<div class=\"elementor-widget-wrap elementor-element-populated\">\n\t\t\t\t\t\t\t\t<div class=\"elementor-element elementor-element-083ce6c elementor-widget elementor-widget-image\" data-id=\"083ce6c\" data-element_type=\"widget\" data-widget_type=\"image.default\">\n\t\t\t\t<div class=\"elementor-widget-container\">\n\t\t\t\t\t\t\t\t\t\t\t\t\t\t\t<img decoding=\"async\" width=\"1025\" height=\"700\" src=\"https:\/\/fatz.com.br\/wp-content\/uploads\/2023\/02\/BANNER-FATZ_RELACOES-PUBLICAS.jpg\" class=\"attachment-full size-full wp-image-1249\" alt=\"BANNER FATZ_RELAC\u0327O\u0303ES PU\u0301BLICAS\" srcset=\"https:\/\/fatz.com.br\/wp-content\/uploads\/2023\/02\/BANNER-FATZ_RELACOES-PUBLICAS.jpg 1025w, https:\/\/fatz.com.br\/wp-content\/uploads\/2023\/02\/BANNER-FATZ_RELACOES-PUBLICAS-300x205.jpg 300w, https:\/\/fatz.com.br\/wp-content\/uploads\/2023\/02\/BANNER-FATZ_RELACOES-PUBLICAS-768x524.jpg 768w, https:\/\/fatz.com.br\/wp-content\/uploads\/2023\/02\/BANNER-FATZ_RELACOES-PUBLICAS-18x12.jpg 18w, https:\/\/fatz.com.br\/wp-content\/uploads\/2023\/02\/BANNER-FATZ_RELACOES-PUBLICAS-700x478.jpg 700w\" sizes=\"(max-width: 1025px) 100vw, 1025px\" \/>\t\t\t\t\t\t\t\t\t\t\t\t\t\t\t<\/div>\n\t\t\t\t<\/div>\n\t\t\t\t\t<\/div>\n\t\t<\/div>\n\t\t\t\t\t\t\t<\/div>\n\t\t<\/section>\n\t\t\t\t<section class=\"elementor-section elementor-top-section elementor-element elementor-element-b47799b elementor-section-full_width elementor-section-height-default elementor-section-height-default parallax_section_no qode_elementor_container_no\" data-id=\"b47799b\" data-element_type=\"section\">\n\t\t\t\t\t\t<div class=\"elementor-container elementor-column-gap-no\">\n\t\t\t\t\t<div class=\"elementor-column elementor-col-50 elementor-top-column elementor-element elementor-element-6beba8a\" data-id=\"6beba8a\" data-element_type=\"column\">\n\t\t\t<div class=\"elementor-widget-wrap elementor-element-populated\">\n\t\t\t\t\t\t\t\t<div class=\"elementor-element elementor-element-edea6b9 elementor-widget elementor-widget-image\" data-id=\"edea6b9\" data-element_type=\"widget\" data-widget_type=\"image.default\">\n\t\t\t\t<div class=\"elementor-widget-container\">\n\t\t\t\t\t\t\t\t\t\t\t\t\t\t\t<img decoding=\"async\" width=\"1025\" height=\"700\" src=\"https:\/\/fatz.com.br\/wp-content\/uploads\/2023\/01\/BANNER-FATZ_SOLUC\u2560oO\u2560aES-ONLINE.jpg\" class=\"attachment-full size-full wp-image-1066\" alt=\"\" srcset=\"https:\/\/fatz.com.br\/wp-content\/uploads\/2023\/01\/BANNER-FATZ_SOLUC\u2560oO\u2560aES-ONLINE.jpg 1025w, https:\/\/fatz.com.br\/wp-content\/uploads\/2023\/01\/BANNER-FATZ_SOLUC\u2560oO\u2560aES-ONLINE-300x205.jpg 300w, https:\/\/fatz.com.br\/wp-content\/uploads\/2023\/01\/BANNER-FATZ_SOLUC\u2560oO\u2560aES-ONLINE-768x524.jpg 768w, https:\/\/fatz.com.br\/wp-content\/uploads\/2023\/01\/BANNER-FATZ_SOLUC\u2560oO\u2560aES-ONLINE-18x12.jpg 18w, https:\/\/fatz.com.br\/wp-content\/uploads\/2023\/01\/BANNER-FATZ_SOLUC\u2560oO\u2560aES-ONLINE-700x478.jpg 700w\" sizes=\"(max-width: 1025px) 100vw, 1025px\" \/>\t\t\t\t\t\t\t\t\t\t\t\t\t\t\t<\/div>\n\t\t\t\t<\/div>\n\t\t\t\t\t<\/div>\n\t\t<\/div>\n\t\t\t\t<div class=\"elementor-column elementor-col-50 elementor-top-column elementor-element elementor-element-c72cfd5\" data-id=\"c72cfd5\" data-element_type=\"column\">\n\t\t\t<div class=\"elementor-widget-wrap elementor-element-populated\">\n\t\t\t\t\t\t\t\t<div class=\"elementor-element elementor-element-44aafa0 elementor-widget elementor-widget-text-editor\" data-id=\"44aafa0\" data-element_type=\"widget\" data-widget_type=\"text-editor.default\">\n\t\t\t\t<div class=\"elementor-widget-container\">\n\t\t\t\t\t\t\t<p>Veja nossas<\/p>\t\t\t\t\t\t<\/div>\n\t\t\t\t<\/div>\n\t\t\t\t<div class=\"elementor-element elementor-element-d17009b elementor-widget elementor-widget-text-editor\" data-id=\"d17009b\" data-element_type=\"widget\" data-widget_type=\"text-editor.default\">\n\t\t\t\t<div class=\"elementor-widget-container\">\n\t\t\t\t\t\t\t<h1>Solu\u00e7\u00f5es<\/h1><h1>on-line<\/h1>\t\t\t\t\t\t<\/div>\n\t\t\t\t<\/div>\n\t\t\t\t<div class=\"elementor-element elementor-element-cc7d46b elementor-widget elementor-widget-text-editor\" data-id=\"cc7d46b\" data-element_type=\"widget\" data-widget_type=\"text-editor.default\">\n\t\t\t\t<div class=\"elementor-widget-container\">\n\t\t\t\t\t\t\tCriamos campanhas que funcionam para uma experi\u00eancia de marca memor\u00e1vel. Analisamos em profundidade o comportamento, as pessoas e seus anseios para usarmos da criatividade e dos recursos tecnol\u00f3gicos valor agregado para as pessoas e empresas.\t\t\t\t\t\t<\/div>\n\t\t\t\t<\/div>\n\t\t\t\t<div class=\"elementor-element elementor-element-493772e elementor-widget elementor-widget-bridge_button\" data-id=\"493772e\" data-element_type=\"widget\" data-widget_type=\"bridge_button.default\">\n\t\t\t\t<div class=\"elementor-widget-container\">\n\t\t\t<a  itemprop=\"url\" href=\"https:\/\/fatz.com.br\/en\/solucoes-online\/\" target=\"_self\"  class=\"qbutton  default\" style=\"\">Read more<\/a>\t\t<\/div>\n\t\t\t\t<\/div>\n\t\t\t\t\t<\/div>\n\t\t<\/div>\n\t\t\t\t\t\t\t<\/div>\n\t\t<\/section>\n\t\t\t\t<section class=\"elementor-section elementor-top-section elementor-element elementor-element-8c7bc72 elementor-section-full_width elementor-reverse-mobile elementor-section-height-default elementor-section-height-default parallax_section_no qode_elementor_container_no\" data-id=\"8c7bc72\" data-element_type=\"section\">\n\t\t\t\t\t\t<div class=\"elementor-container elementor-column-gap-no\">\n\t\t\t\t\t<div class=\"elementor-column elementor-col-50 elementor-top-column elementor-element elementor-element-302a199\" data-id=\"302a199\" data-element_type=\"column\">\n\t\t\t<div class=\"elementor-widget-wrap elementor-element-populated\">\n\t\t\t\t\t\t\t\t<div class=\"elementor-element elementor-element-1dca059 elementor-widget elementor-widget-text-editor\" data-id=\"1dca059\" data-element_type=\"widget\" data-widget_type=\"text-editor.default\">\n\t\t\t\t<div class=\"elementor-widget-container\">\n\t\t\t\t\t\t\t<p>Descubra nossas<\/p>\t\t\t\t\t\t<\/div>\n\t\t\t\t<\/div>\n\t\t\t\t<div class=\"elementor-element elementor-element-5b70b81 elementor-widget elementor-widget-text-editor\" data-id=\"5b70b81\" data-element_type=\"widget\" data-widget_type=\"text-editor.default\">\n\t\t\t\t<div class=\"elementor-widget-container\">\n\t\t\t\t\t\t\t<h1>SOLU\u00c7\u00d5ES<\/h1><h1>off-line<\/h1>\t\t\t\t\t\t<\/div>\n\t\t\t\t<\/div>\n\t\t\t\t<div class=\"elementor-element elementor-element-f2081b9 elementor-widget elementor-widget-text-editor\" data-id=\"f2081b9\" data-element_type=\"widget\" data-widget_type=\"text-editor.default\">\n\t\t\t\t<div class=\"elementor-widget-container\">\n\t\t\t\t\t\t\t<p>Cria\u00e7\u00e3o de conceito criativo, planejamento de eventos, campanhas e roadmap estrat\u00e9gico s\u00e3o alguns dos servi\u00e7os executados por um time engajado e competente, capaz de compreender a demanda e de identificar a necessidade de cada cliente.<\/p>\t\t\t\t\t\t<\/div>\n\t\t\t\t<\/div>\n\t\t\t\t<div class=\"elementor-element elementor-element-d78a82f elementor-widget elementor-widget-bridge_button\" data-id=\"d78a82f\" data-element_type=\"widget\" data-widget_type=\"bridge_button.default\">\n\t\t\t\t<div class=\"elementor-widget-container\">\n\t\t\t<a  itemprop=\"url\" href=\"https:\/\/fatz.com.br\/en\/solucoes-offline\/\" target=\"_self\"  class=\"qbutton  default\" style=\"\">Read more<\/a>\t\t<\/div>\n\t\t\t\t<\/div>\n\t\t\t\t\t<\/div>\n\t\t<\/div>\n\t\t\t\t<div class=\"elementor-column elementor-col-50 elementor-top-column elementor-element elementor-element-178decb\" data-id=\"178decb\" data-element_type=\"column\">\n\t\t\t<div class=\"elementor-widget-wrap elementor-element-populated\">\n\t\t\t\t\t\t\t\t<div class=\"elementor-element elementor-element-e86ffae elementor-widget elementor-widget-image\" data-id=\"e86ffae\" data-element_type=\"widget\" data-widget_type=\"image.default\">\n\t\t\t\t<div class=\"elementor-widget-container\">\n\t\t\t\t\t\t\t\t\t\t\t\t\t\t\t<img decoding=\"async\" width=\"1025\" height=\"700\" src=\"https:\/\/fatz.com.br\/wp-content\/uploads\/2023\/03\/BANNER-FATZ_SOLUCOES-OFF.jpg\" class=\"attachment-full size-full wp-image-1359\" alt=\"\" srcset=\"https:\/\/fatz.com.br\/wp-content\/uploads\/2023\/03\/BANNER-FATZ_SOLUCOES-OFF.jpg 1025w, https:\/\/fatz.com.br\/wp-content\/uploads\/2023\/03\/BANNER-FATZ_SOLUCOES-OFF-300x205.jpg 300w, https:\/\/fatz.com.br\/wp-content\/uploads\/2023\/03\/BANNER-FATZ_SOLUCOES-OFF-768x524.jpg 768w, https:\/\/fatz.com.br\/wp-content\/uploads\/2023\/03\/BANNER-FATZ_SOLUCOES-OFF-18x12.jpg 18w, https:\/\/fatz.com.br\/wp-content\/uploads\/2023\/03\/BANNER-FATZ_SOLUCOES-OFF-700x478.jpg 700w\" sizes=\"(max-width: 1025px) 100vw, 1025px\" \/>\t\t\t\t\t\t\t\t\t\t\t\t\t\t\t<\/div>\n\t\t\t\t<\/div>\n\t\t\t\t\t<\/div>\n\t\t<\/div>\n\t\t\t\t\t\t\t<\/div>\n\t\t<\/section>\n\t\t\t\t\t\t\t<\/div>","protected":false},"excerpt":{"rendered":"<p>Conhe\u00e7a sobre QUEM SOMOS Nascemos para conectar. Conectar conte\u00fado a pessoas, produtos a consumidores, marcas a clientes e, principalmente, empresas a novas oportunidades e possibilidades. Saiba mais Como fazemos RELA\u00c7\u00d5ES P\u00daBLICAS Desenvolvemos processos estrat\u00e9gicos de comunica\u00e7\u00e3o integrada para construir rela\u00e7\u00f5es de benef\u00edcio m\u00fatuo entre as&#8230;<\/p>","protected":false},"author":1,"featured_media":1063,"parent":0,"menu_order":0,"comment_status":"closed","ping_status":"closed","template":"full_width.php","meta":[],"_links":{"self":[{"href":"https:\/\/fatz.com.br\/en\/wp-json\/wp\/v2\/pages\/310"}],"collection":[{"href":"https:\/\/fatz.com.br\/en\/wp-json\/wp\/v2\/pages"}],"about":[{"href":"https:\/\/fatz.com.br\/en\/wp-json\/wp\/v2\/types\/page"}],"author":[{"embeddable":true,"href":"https:\/\/fatz.com.br\/en\/wp-json\/wp\/v2\/users\/1"}],"replies":[{"embeddable":true,"href":"https:\/\/fatz.com.br\/en\/wp-json\/wp\/v2\/comments?post=310"}],"version-history":[{"count":113,"href":"https:\/\/fatz.com.br\/en\/wp-json\/wp\/v2\/pages\/310\/revisions"}],"predecessor-version":[{"id":2103,"href":"https:\/\/fatz.com.br\/en\/wp-json\/wp\/v2\/pages\/310\/revisions\/2103"}],"wp:featuredmedia":[{"embeddable":true,"href":"https:\/\/fatz.com.br\/en\/wp-json\/wp\/v2\/media\/1063"}],"wp:attachment":[{"href":"https:\/\/fatz.com.br\/en\/wp-json\/wp\/v2\/media?parent=310"}],"curies":[{"name":"wp","href":"https:\/\/api.w.org\/{rel}","templated":true}]}}